{"id":75717,"date":"2025-12-29T21:35:15","date_gmt":"2025-12-29T21:35:15","guid":{"rendered":"https:\/\/motorygroup.com\/tax-max\/"},"modified":"2026-01-06T15:06:33","modified_gmt":"2026-01-06T15:06:33","slug":"tax-max","status":"publish","type":"page","link":"https:\/\/motorygroup.com\/es\/tax-max\/","title":{"rendered":"Tax Max"},"content":{"rendered":"<p>[et_pb_section fb_built=&#8221;1&#8243; _builder_version=&#8221;4.27.4&#8243; _module_preset=&#8221;default&#8221; global_colors_info=&#8221;{}&#8221; custom_padding=&#8221;31px|||||&#8221;][et_pb_row _builder_version=&#8221;4.27.4&#8243; _module_preset=&#8221;default&#8221; global_colors_info=&#8221;{}&#8221;][et_pb_column type=&#8221;4_4&#8243; _builder_version=&#8221;4.27.4&#8243; _module_preset=&#8221;default&#8221; pac_dcm_carousel_specific_module_num=&#8221;0&#8243; global_colors_info=&#8221;{}&#8221;][et_pb_text _builder_version=&#8221;4.27.4&#8243; _module_preset=&#8221;default&#8221; header_font=&#8221;Figtree|700|||||||&#8221; header_text_align=&#8221;center&#8221; header_text_color=&#8221;gcid-secondary-color&#8221; header_font_size=&#8221;57px&#8221; header_letter_spacing=&#8221;-1px&#8221; header_line_height=&#8221;1.05em&#8221; module_alignment=&#8221;center&#8221; custom_margin=&#8221;0px||20px||false|false&#8221; custom_margin_tablet=&#8221;0px||20px||false|false&#8221; custom_margin_phone=&#8221;0px||10px||false|false&#8221; custom_margin_last_edited=&#8221;on|phone&#8221; custom_padding=&#8221;0px||0px||false|false&#8221; header_font_size_tablet=&#8221;72px&#8221; header_font_size_phone=&#8221;44px&#8221; header_font_size_last_edited=&#8221;on|phone&#8221; locked=&#8221;off&#8221; global_colors_info=&#8221;{%22gcid-secondary-color%22:%91%22header_text_color%22%93}&#8221;]<\/p>\n<h1>Evento de ventas File &amp; Drive<\/h1>\n<p>[\/et_pb_text][et_pb_image src=&#8221;https:\/\/motorygroup.com\/wp-content\/uploads\/2026\/01\/Tax-Max-Hero-Banner-get-started.webp&#8221; title_text=&#8221;Tax-Max-Hero-Banner-empezar&#8221; url=&#8221;https:\/\/motorygroup.com\/es\/tax-max\/&#8221; _builder_version=&#8221;4.27.4&#8243; _module_preset=&#8221;default&#8221; locked=&#8221;off&#8221; global_colors_info=&#8221;{}&#8221;][\/et_pb_image][et_pb_text _builder_version=&#8221;4.27.4&#8243; _module_preset=&#8221;default&#8221; header_text_color=&#8221;gcid-secondary-color&#8221; header_line_height=&#8221;1.1em&#8221; text_orientation=&#8221;center&#8221; max_width=&#8221;70%&#8221; max_width_tablet=&#8221;100%&#8221; max_width_phone=&#8221;100%&#8221; max_width_last_edited=&#8221;on|phone&#8221; module_alignment=&#8221;center&#8221; global_colors_info=&#8221;{%22gcid-secondary-color%22:%91%22header_text_color%22%93}&#8221;]<\/p>\n<h2><strong>\u00a1Convierte tu W-2 en una entrada esta temporada de impuestos!<\/strong><\/h2>\n<p>Durante nuestro evento de liquidaci\u00f3n de archivos y veh\u00edculos, puedes solicitar un anticipo del reembolso de impuestos en el mismo d\u00eda de hasta 7000 $*, que puedes usar como entrada para tu coche nuevo. \u00a1Empieza hoy mismo online! <\/p>\n<p>[\/et_pb_text][\/et_pb_column][\/et_pb_row][et_pb_row column_structure=&#8221;1_3,1_3,1_3&#8243; _builder_version=&#8221;4.27.4&#8243; _module_preset=&#8221;default&#8221; global_colors_info=&#8221;{}&#8221;][et_pb_column type=&#8221;1_3&#8243; _builder_version=&#8221;4.27.4&#8243; _module_preset=&#8221;default&#8221; custom_padding=&#8221;25px|25px|25px|25px|false|false&#8221; pac_dcm_carousel_specific_module_num=&#8221;0&#8243; border_radii=&#8221;on|32px|32px|32px|32px&#8221; border_width_all=&#8221;1px&#8221; border_color_all=&#8221;#a0a0a0&#8243; global_colors_info=&#8221;{}&#8221;][et_pb_text module_class=&#8221;two-col-mob two-col-tab&#8221; _builder_version=&#8221;4.27.4&#8243; _module_preset=&#8221;default&#8221; width=&#8221;90%&#8221; max_width_tablet=&#8221;&#8221; max_width_phone=&#8221;400px&#8221; max_width_last_edited=&#8221;on|phone&#8221; custom_margin=&#8221;0px|auto|18px|auto|false|false&#8221; custom_margin_tablet=&#8221;0px||18px||false|false&#8221; custom_margin_phone=&#8221;0px|auto|20px|auto|false|false&#8221; custom_margin_last_edited=&#8221;on|tablet&#8221; custom_padding=&#8221;0px||0px||false|false&#8221; global_colors_info=&#8221;{}&#8221;]<\/p>\n<h3 style=\"text-align: center;\"><strong>PASO 1 <\/strong><\/h3>\n<p style=\"text-align: center;\"><strong>Env\u00ede los documentos en l\u00ednea<\/strong><\/p>\n<p>[\/et_pb_text][et_pb_image src=&#8221;https:\/\/motorygroup.com\/wp-content\/uploads\/2025\/12\/Tax-Max-File-Drive-Step-2.png&#8221; title_text=&#8221;Tax Max File &amp; Drive Paso 2&#8243; _builder_version=&#8221;4.27.4&#8243; _module_preset=&#8221;default&#8221; global_colors_info=&#8221;{}&#8221;][\/et_pb_image][\/et_pb_column][et_pb_column type=&#8221;1_3&#8243; _builder_version=&#8221;4.27.4&#8243; _module_preset=&#8221;default&#8221; custom_padding=&#8221;25px|25px|25px|25px|false|false&#8221; pac_dcm_carousel_specific_module_num=&#8221;0&#8243; border_radii=&#8221;on|32px|32px|32px|32px&#8221; border_width_all=&#8221;1px&#8221; border_color_all=&#8221;#a0a0a0&#8243; global_colors_info=&#8221;{}&#8221;][et_pb_text _builder_version=&#8221;4.27.4&#8243; _module_preset=&#8221;default&#8221; global_colors_info=&#8221;{}&#8221;]<\/p>\n<h3 style=\"text-align: center;\"><strong>PASO 2<\/strong><\/h3>\n<p style=\"text-align: center;\"><strong>TAX Max prepara la declaraci\u00f3n<\/strong><\/p>\n<p>[\/et_pb_text][et_pb_image src=&#8221;https:\/\/motorygroup.com\/wp-content\/uploads\/2025\/12\/Tax-Max-File-Drive-Step-1-2.png&#8221; title_text=&#8221;Tax Max File &amp; Drive Paso 1&#8243; _builder_version=&#8221;4.27.4&#8243; _module_preset=&#8221;default&#8221; global_colors_info=&#8221;{}&#8221;][\/et_pb_image][\/et_pb_column][et_pb_column type=&#8221;1_3&#8243; _builder_version=&#8221;4.27.4&#8243; _module_preset=&#8221;default&#8221; custom_padding=&#8221;25px|25px|25px|25px|false|false&#8221; pac_dcm_carousel_specific_module_num=&#8221;0&#8243; border_radii=&#8221;on|32px|32px|32px|32px&#8221; border_width_all=&#8221;1px&#8221; border_color_all=&#8221;#a0a0a0&#8243; global_colors_info=&#8221;{}&#8221;][et_pb_text _builder_version=&#8221;4.27.4&#8243; _module_preset=&#8221;default&#8221; global_colors_info=&#8221;{}&#8221;]<\/p>\n<h3 style=\"text-align: center;\"><strong>PASO 3<\/strong><\/h3>\n<p style=\"text-align: center;\"><strong>\u00a1Ll\u00e9vate tu coche nuevo!<\/strong><\/p>\n<p>[\/et_pb_text][et_pb_image src=&#8221;https:\/\/motorygroup.com\/wp-content\/uploads\/2025\/12\/Tax-Max-File-Drive-Step-3.png&#8221; title_text=&#8221;Tax Max File &amp; Drive Paso 3&#8243; _builder_version=&#8221;4.27.4&#8243; _module_preset=&#8221;default&#8221; global_colors_info=&#8221;{}&#8221;][\/et_pb_image][\/et_pb_column][\/et_pb_row][et_pb_row _builder_version=&#8221;4.27.4&#8243; _module_preset=&#8221;default&#8221; global_colors_info=&#8221;{}&#8221;][et_pb_column type=&#8221;4_4&#8243; _builder_version=&#8221;4.27.4&#8243; _module_preset=&#8221;default&#8221; pac_dcm_carousel_specific_module_num=&#8221;0&#8243; global_colors_info=&#8221;{}&#8221;][et_pb_text _builder_version=&#8221;4.27.4&#8243; _module_preset=&#8221;default&#8221; global_colors_info=&#8221;{}&#8221;]<\/p>\n<h2 style=\"text-align: center;\"><strong>Elija su ubicaci\u00f3n para empezar<\/strong><\/h2>\n<p>[\/et_pb_text][\/et_pb_column][\/et_pb_row][et_pb_row column_structure=&#8221;1_5,1_5,1_5,1_5,1_5&#8243; _builder_version=&#8221;4.27.4&#8243; _module_preset=&#8221;default&#8221; custom_padding=&#8221;11px|||||&#8221; global_colors_info=&#8221;{}&#8221;][et_pb_column type=&#8221;1_5&#8243; _builder_version=&#8221;4.27.4&#8243; _module_preset=&#8221;default&#8221; pac_dcm_carousel_specific_module_num=&#8221;0&#8243; global_colors_info=&#8221;{}&#8221;][et_pb_button button_url=&#8221;https:\/\/www.taxmax.com\/b\/fl9046&#8243; button_text=&#8221;Gainesville&#8221; button_alignment=&#8221;center&#8221; _builder_version=&#8221;4.27.4&#8243; _module_preset=&#8221;default&#8221; custom_button=&#8221;on&#8221; button_text_size=&#8221;20px&#8221; button_text_color=&#8221;#FFFFFF&#8221; button_bg_color=&#8221;gcid-primary-color&#8221; button_border_radius=&#8221;50px&#8221; button_font=&#8221;|&#8211;et_global_heading_font_weight|||||||&#8221; global_colors_info=&#8221;{%22gcid-primary-color%22:%91%22button_bg_color%22%93,%22gcid-secondary-color%22:%91%22button_bg_color__hover%22%93}&#8221; button_bg_color__hover_enabled=&#8221;on|desktop&#8221; button_bg_color__hover=&#8221;#1b467d&#8221; button_bg_enable_color__hover=&#8221;on&#8221;][\/et_pb_button][\/et_pb_column][et_pb_column type=&#8221;1_5&#8243; _builder_version=&#8221;4.27.4&#8243; _module_preset=&#8221;default&#8221; pac_dcm_carousel_specific_module_num=&#8221;0&#8243; global_colors_info=&#8221;{}&#8221;][et_pb_button button_url=&#8221;https:\/\/www.taxmax.com\/b\/tx9048&#8243; button_text=&#8221;Conroe&#8221; button_alignment=&#8221;center&#8221; _builder_version=&#8221;4.27.4&#8243; _module_preset=&#8221;default&#8221; custom_button=&#8221;on&#8221; button_text_size=&#8221;20px&#8221; button_text_color=&#8221;#FFFFFF&#8221; button_bg_color=&#8221;gcid-primary-color&#8221; button_border_radius=&#8221;50px&#8221; button_font=&#8221;|&#8211;et_global_heading_font_weight|||||||&#8221; global_colors_info=&#8221;{%22gcid-primary-color%22:%91%22button_bg_color%22%93,%22gcid-secondary-color%22:%91%22button_bg_color__hover%22%93}&#8221; button_bg_color__hover=&#8221;#1b467d&#8221; button_bg_color__hover_enabled=&#8221;on|desktop&#8221;][\/et_pb_button][\/et_pb_column][et_pb_column type=&#8221;1_5&#8243; _builder_version=&#8221;4.27.4&#8243; _module_preset=&#8221;default&#8221; pac_dcm_carousel_specific_module_num=&#8221;0&#8243; global_colors_info=&#8221;{}&#8221;][et_pb_button button_url=&#8221;https:\/\/www.taxmax.com\/b\/mo9047&#8243; button_text=&#8221;Joplin&#8221; button_alignment=&#8221;center&#8221; _builder_version=&#8221;4.27.4&#8243; _module_preset=&#8221;default&#8221; custom_button=&#8221;on&#8221; button_text_size=&#8221;20px&#8221; button_text_color=&#8221;#FFFFFF&#8221; button_bg_color=&#8221;gcid-primary-color&#8221; button_border_radius=&#8221;50px&#8221; button_font=&#8221;|&#8211;et_global_heading_font_weight|||||||&#8221; global_colors_info=&#8221;{%22gcid-primary-color%22:%91%22button_bg_color%22%93,%22gcid-secondary-color%22:%91%22button_bg_color__hover%22%93}&#8221; button_bg_color__hover=&#8221;#1b467d&#8221; button_bg_color__hover_enabled=&#8221;on|desktop&#8221;][\/et_pb_button][\/et_pb_column][et_pb_column type=&#8221;1_5&#8243; _builder_version=&#8221;4.27.4&#8243; _module_preset=&#8221;default&#8221; pac_dcm_carousel_specific_module_num=&#8221;0&#8243; global_colors_info=&#8221;{}&#8221;][et_pb_button button_url=&#8221;https:\/\/www.taxmax.com\/b\/ar9049&#8243; button_text=&#8221;Rogers&#8221; button_alignment=&#8221;center&#8221; _builder_version=&#8221;4.27.4&#8243; _module_preset=&#8221;default&#8221; custom_button=&#8221;on&#8221; button_text_size=&#8221;20px&#8221; button_text_color=&#8221;#FFFFFF&#8221; button_bg_color=&#8221;gcid-primary-color&#8221; button_border_radius=&#8221;50px&#8221; button_font=&#8221;|&#8211;et_global_heading_font_weight|||||||&#8221; global_colors_info=&#8221;{%22gcid-primary-color%22:%91%22button_bg_color%22%93,%22gcid-secondary-color%22:%91%22button_bg_color__hover%22%93}&#8221; button_bg_color__hover=&#8221;#1b467d&#8221; button_bg_color__hover_enabled=&#8221;on|desktop&#8221;][\/et_pb_button][\/et_pb_column][et_pb_column type=&#8221;1_5&#8243; _builder_version=&#8221;4.27.4&#8243; _module_preset=&#8221;default&#8221; pac_dcm_carousel_specific_module_num=&#8221;0&#8243; global_colors_info=&#8221;{}&#8221;][et_pb_button button_text=&#8221;Florence&#8221; button_alignment=&#8221;center&#8221; _builder_version=&#8221;4.27.4&#8243; _module_preset=&#8221;default&#8221; custom_button=&#8221;on&#8221; button_text_size=&#8221;20px&#8221; button_text_color=&#8221;#FFFFFF&#8221; button_bg_color=&#8221;gcid-primary-color&#8221; button_border_radius=&#8221;50px&#8221; button_font=&#8221;|&#8211;et_global_heading_font_weight|||||||&#8221; global_colors_info=&#8221;{%22gcid-primary-color%22:%91%22button_bg_color%22%93,%22gcid-secondary-color%22:%91%22button_bg_color__hover%22%93}&#8221; button_bg_color__hover=&#8221;#1b467d&#8221; button_bg_color__hover_enabled=&#8221;on|desktop&#8221;][\/et_pb_button][\/et_pb_column][\/et_pb_row][et_pb_row _builder_version=&#8221;4.27.4&#8243; _module_preset=&#8221;default&#8221; global_colors_info=&#8221;{}&#8221;][et_pb_column type=&#8221;4_4&#8243; _builder_version=&#8221;4.27.4&#8243; _module_preset=&#8221;default&#8221; pac_dcm_carousel_specific_module_num=&#8221;0&#8243; global_colors_info=&#8221;{}&#8221;][et_pb_text _builder_version=&#8221;4.27.4&#8243; _module_preset=&#8221;default&#8221; global_colors_info=&#8221;{}&#8221;]<\/p>\n<p style=\"text-align: center;\">Toda la preparaci\u00f3n y presentaci\u00f3n de la declaraci\u00f3n de impuestos ser\u00e1 gestionada exclusivamente por Tax Refund Services, Inc., DBA Tax Max, que no est\u00e1 afiliada al concesionario de autom\u00f3viles. El desembolso del reembolso de impuestos se env\u00eda al concesionario para que el cliente lo recoja o lo utilice para el pago inicial. *Los anticipos de reembolso se basan en la aprobaci\u00f3n bancaria de EPS Financial.  <\/p>\n<p>[\/et_pb_text][\/et_pb_column][\/et_pb_row][\/et_pb_section]<\/p>\n","protected":false},"excerpt":{"rendered":"<p>Evento de ventas File &amp; Drive\u00a1Convierte tu W-2 en una entrada esta temporada de impuestos! Durante nuestro evento de liquidaci\u00f3n de archivos y veh\u00edculos, puedes solicitar un anticipo del reembolso de impuestos en el mismo d\u00eda de hasta 7000 $*, que puedes usar como entrada para tu coche nuevo. \u00a1Empieza hoy mismo online! PASO 1 [&hellip;]<\/p>\n","protected":false},"author":5,"featured_media":0,"parent":0,"menu_order":0,"comment_status":"closed","ping_status":"closed","template":"","meta":{"_et_pb_use_builder":"on","_et_pb_old_content":"","_et_gb_content_width":"","_analytify_skip_tracking":false,"footnotes":""},"class_list":["post-75717","page","type-page","status-publish","hentry"],"_links":{"self":[{"href":"https:\/\/motorygroup.com\/es\/wp-json\/wp\/v2\/pages\/75717","targetHints":{"allow":["GET"]}}],"collection":[{"href":"https:\/\/motorygroup.com\/es\/wp-json\/wp\/v2\/pages"}],"about":[{"href":"https:\/\/motorygroup.com\/es\/wp-json\/wp\/v2\/types\/page"}],"author":[{"embeddable":true,"href":"https:\/\/motorygroup.com\/es\/wp-json\/wp\/v2\/users\/5"}],"replies":[{"embeddable":true,"href":"https:\/\/motorygroup.com\/es\/wp-json\/wp\/v2\/comments?post=75717"}],"version-history":[{"count":18,"href":"https:\/\/motorygroup.com\/es\/wp-json\/wp\/v2\/pages\/75717\/revisions"}],"predecessor-version":[{"id":76273,"href":"https:\/\/motorygroup.com\/es\/wp-json\/wp\/v2\/pages\/75717\/revisions\/76273"}],"wp:attachment":[{"href":"https:\/\/motorygroup.com\/es\/wp-json\/wp\/v2\/media?parent=75717"}],"curies":[{"name":"wp","href":"https:\/\/api.w.org\/{rel}","templated":true}]}}