{"id":73468,"date":"2025-11-21T14:40:55","date_gmt":"2025-11-21T14:40:55","guid":{"rendered":"https:\/\/motorygroup.com\/en-construccion\/"},"modified":"2025-11-21T14:41:10","modified_gmt":"2025-11-21T14:41:10","slug":"en-construccion","status":"publish","type":"page","link":"https:\/\/motorygroup.com\/es\/en-construccion\/","title":{"rendered":"En construcci\u00f3n"},"content":{"rendered":"<p>[et_pb_section fb_built=&#8221;1&#8243; _builder_version=&#8221;4.27.4&#8243; background_enable_color=&#8221;off&#8221; use_background_color_gradient=&#8221;on&#8221; background_color_gradient_direction=&#8221;90deg&#8221; background_color_gradient_stops=&#8221;#fff3c1 0%|#d1e5f9 100%&#8221; custom_padding=&#8221;66px||66px||true|&#8221; saved_tabs=&#8221;all&#8221; global_colors_info=&#8221;{}&#8221; theme_builder_area=&#8221;post_content&#8221;][et_pb_row _builder_version=&#8221;4.27.4&#8243; hover_enabled=&#8221;0&#8243; global_colors_info=&#8221;{}&#8221; theme_builder_area=&#8221;post_content&#8221; sticky_enabled=&#8221;0&#8243;][et_pb_column type=&#8221;4_4&#8243; _builder_version=&#8221;4.16&#8243; custom_padding=&#8221;|||&#8221; pac_dcm_carousel_specific_module_num=&#8221;0&#8243; global_colors_info=&#8221;{}&#8221; custom_padding__hover=&#8221;|||&#8221; theme_builder_area=&#8221;post_content&#8221;][et_pb_post_title meta=&#8221;off&#8221; featured_image=&#8221;off&#8221; _builder_version=&#8221;4.27.4&#8243; title_font=&#8221;Figtree|700|||||||&#8221; title_text_align=&#8221;center&#8221; title_text_color=&#8221;gcid-secondary-color&#8221; title_font_size=&#8221;40px&#8221; custom_margin=&#8221;||14px|||&#8221; hover_enabled=&#8221;0&#8243; title_font_size_tablet=&#8221;&#8221; title_font_size_phone=&#8221;30px&#8221; title_font_size_last_edited=&#8221;on|desktop&#8221; global_colors_info=&#8221;{%22gcid-secondary-color%22:%91%22title_text_color%22%93}&#8221; theme_builder_area=&#8221;post_content&#8221; text_orientation=&#8221;center&#8221; sticky_enabled=&#8221;0&#8243;][\/et_pb_post_title][et_pb_text _builder_version=&#8221;4.27.4&#8243; text_font=&#8221;Roboto|300|||||||&#8221; text_text_color=&#8221;#000000&#8243; text_font_size=&#8221;15px&#8221; text_line_height=&#8221;1.8em&#8221; header_font=&#8221;Figtree|&#8211;et_global_heading_font_weight|||||||&#8221; header_text_color=&#8221;#000000&#8243; header_line_height=&#8221;1.5em&#8221; header_3_font=&#8221;&#8211;et_global_body_font|&#8211;et_global_body_font_weight|||||||&#8221; header_3_text_color=&#8221;gcid-body-color&#8221; header_3_line_height=&#8221;1.5em&#8221; custom_margin=&#8221;|||&#8221; animation_direction=&#8221;left&#8221; hover_enabled=&#8221;0&#8243; header_font_size_tablet=&#8221;&#8221; header_font_size_phone=&#8221;25px&#8221; header_font_size_last_edited=&#8221;on|desktop&#8221; global_colors_info=&#8221;{%22gcid-body-color%22:%91%22header_3_text_color%22%93}&#8221; theme_builder_area=&#8221;post_content&#8221; sticky_enabled=&#8221;0&#8243; text_orientation=&#8221;center&#8221;]<\/p>\n<h3>Lo sentimos, esta p\u00e1gina no est\u00e1 disponible. Estamos trabajando en ello. <\/h3>\n<h3><\/h3>\n<h3>Por favor, int\u00e9ntelo de nuevo m\u00e1s tarde.<\/h3>\n<p>[\/et_pb_text][et_pb_image src=&#8221;https:\/\/motorygroup.com\/wp-content\/uploads\/2025\/11\/error-code.webp&#8221; _builder_version=&#8221;4.27.4&#8243; _module_preset=&#8221;default&#8221; theme_builder_area=&#8221;post_content&#8221; alt=&#8221;icono de error<br \/>\n&#8221; title_text=&#8221;c\u00f3digo de error&#8221; hover_enabled=&#8221;0&#8243; sticky_enabled=&#8221;0&#8243; align=&#8221;center&#8221; width_last_edited=&#8221;on|phone&#8221; width=&#8221;10%&#8221; width_tablet=&#8221;20%&#8221; width_phone=&#8221;30%&#8221;][\/et_pb_image][\/et_pb_column][\/et_pb_row][\/et_pb_section]<\/p>\n","protected":false},"excerpt":{"rendered":"<p>Lo sentimos, esta p\u00e1gina no est\u00e1 disponible. Estamos trabajando en ello. Por favor, int\u00e9ntelo de nuevo m\u00e1s tarde.<\/p>\n","protected":false},"author":4,"featured_media":0,"parent":0,"menu_order":0,"comment_status":"closed","ping_status":"closed","template":"","meta":{"_et_pb_use_builder":"on","_et_pb_old_content":"","_et_gb_content_width":"","_analytify_skip_tracking":false,"footnotes":""},"class_list":["post-73468","page","type-page","status-publish","hentry"],"_links":{"self":[{"href":"https:\/\/motorygroup.com\/es\/wp-json\/wp\/v2\/pages\/73468","targetHints":{"allow":["GET"]}}],"collection":[{"href":"https:\/\/motorygroup.com\/es\/wp-json\/wp\/v2\/pages"}],"about":[{"href":"https:\/\/motorygroup.com\/es\/wp-json\/wp\/v2\/types\/page"}],"author":[{"embeddable":true,"href":"https:\/\/motorygroup.com\/es\/wp-json\/wp\/v2\/users\/4"}],"replies":[{"embeddable":true,"href":"https:\/\/motorygroup.com\/es\/wp-json\/wp\/v2\/comments?post=73468"}],"version-history":[{"count":2,"href":"https:\/\/motorygroup.com\/es\/wp-json\/wp\/v2\/pages\/73468\/revisions"}],"predecessor-version":[{"id":73470,"href":"https:\/\/motorygroup.com\/es\/wp-json\/wp\/v2\/pages\/73468\/revisions\/73470"}],"wp:attachment":[{"href":"https:\/\/motorygroup.com\/es\/wp-json\/wp\/v2\/media?parent=73468"}],"curies":[{"name":"wp","href":"https:\/\/api.w.org\/{rel}","templated":true}]}}