{"id":72189,"date":"2025-08-20T19:43:37","date_gmt":"2025-08-20T19:43:37","guid":{"rendered":"https:\/\/motorygroup.com\/garantia\/"},"modified":"2025-08-31T20:57:15","modified_gmt":"2025-08-31T20:57:15","slug":"garantia","status":"publish","type":"page","link":"https:\/\/motorygroup.com\/es\/garantia\/","title":{"rendered":"Garant\u00eda"},"content":{"rendered":"<p>[et_pb_section fb_built=&#8221;1&#8243; admin_label=&#8221;section&#8221; _builder_version=&#8221;4.16&#8243; custom_padding=&#8221;48px|||||&#8221; global_colors_info=&#8221;{}&#8221;][et_pb_row admin_label=&#8221;fila&#8221; _builder_version=&#8221;4.16&#8243; background_size=&#8221;initial&#8221; background_position=&#8221;top_left&#8221; background_repeat=&#8221;repeat&#8221; custom_padding=&#8221;3px|||||&#8221; global_colors_info=&#8221;{}&#8221;][et_pb_column type=&#8221;4_4&#8243; _builder_version=&#8221;4.16&#8243; custom_padding=&#8221;|||&#8221; pac_dcm_carousel_specific_module_num=&#8221;0&#8243; global_colors_info=&#8221;{}&#8221; custom_padding__hover=&#8221;|||&#8221;][et_pb_text admin_label=&#8221;Text&#8221; _builder_version=&#8221;4.27.4&#8243; background_size=&#8221;initial&#8221; background_position=&#8221;top_left&#8221; background_repeat=&#8221;repeat&#8221; global_colors_info=&#8221;{}&#8221;]<\/p>\n<h1>Garant\u00eda limitada de 12 meses \/ 19.300 kil\u00f3metros<\/h1>\n<h2>Piezas cubiertas<\/h2>\n<p>Si se produce un mal funcionamiento, defecto o fallo en un componente cubierto que se enumera a continuaci\u00f3n, repararemos o reemplazaremos el componente cubierto, sujeto a los t\u00e9rminos y condiciones expresados en este documento. La sustituci\u00f3n de cualquier pieza puede realizarse con piezas del mismo tipo y calidad en el momento de la aver\u00eda, incluidas piezas remanufacturadas o usadas. <\/p>\n<h3>Motor<\/h3>\n<ul>\n<li>Cig\u00fce\u00f1al y cojinetes<\/li>\n<li>Bielas y cojinetes<\/li>\n<li>Arandelas y suplementos de empuje<\/li>\n<li>Pistones y segmentos del pist\u00f3n<\/li>\n<li>Bulones<\/li>\n<li>Engranajes de distribuci\u00f3n<\/li>\n<li>Correa o cadena de distribuci\u00f3n<\/li>\n<li>Tensor de la correa de distribuci\u00f3n<\/li>\n<li>Polea del cig\u00fce\u00f1al<\/li>\n<li>Equilibrador arm\u00f3nico<\/li>\n<li>Bomba de aceite y v\u00e1lvula y resorte de alivio de presi\u00f3n<\/li>\n<li>Varilla de medici\u00f3n del aceite<\/li>\n<li>\u00c1rbol de levas y cojinetes<\/li>\n<li>Elevadores, varillas de empuje, balancines, ejes de balancines, seguidores de leva, ajustadores de juego<\/li>\n<li>V\u00e1lvulas de admisi\u00f3n y escape, muelles de v\u00e1lvula, gu\u00edas de v\u00e1lvula reemplazables<\/li>\n<li>Eje de equilibrado y cojinetes<\/li>\n<li>Bomba de agua<\/li>\n<li>El bloque del motor y las culatas solo est\u00e1n cubiertos si los da\u00f1os son resultado de un fallo de una pieza cubierta mencionada anteriormente<\/li>\n<\/ul>\n<h3>Transmisi\u00f3n autom\u00e1tica<\/h3>\n<ul>\n<li>Convertidor de par<\/li>\n<li>Plato flexible<\/li>\n<li>Bomba delantera<\/li>\n<li>Juego de engranajes planetarios<\/li>\n<li>Embrague directo, embrague de avance, embrague de marcha baja y marcha atr\u00e1s<\/li>\n<li>Pistones de aplicaci\u00f3n del embrague<\/li>\n<li>Anillos de sellado internos<\/li>\n<li>Ejes de entrada y salida<\/li>\n<li>Embragues de rodillos<\/li>\n<li>Bandas, bolas de retenci\u00f3n, servo de aplicaci\u00f3n de la banda, tambores, soporte central<\/li>\n<li>Conjunto del regulador, modulador de vac\u00edo, cuerpo de la v\u00e1lvula<\/li>\n<li>Est\u00e1tor y eje del est\u00e1tor, bujes, v\u00e1lvula reguladora de presi\u00f3n y cojinetes<\/li>\n<li>La carcasa de la transmisi\u00f3n est\u00e1 cubierta si est\u00e1 da\u00f1ada por el fallo de un componente mencionado anteriormente<\/li>\n<\/ul>\n<h3>Aire acondicionado<\/h3>\n<ul>\n<li>Compresor, embrague y polea del aire acondicionado<\/li>\n<li>Evaporador y condensador<\/li>\n<li>Los tubos del acumulador\/secador y del orificio solo est\u00e1n cubiertos en relaci\u00f3n con la sustituci\u00f3n de un componente mencionado anteriormente y solo si han fallado<\/li>\n<\/ul>\n<h3>L\u00edmite de responsabilidad<\/h3>\n<p>El total de las prestaciones pagaderas en virtud de esta Garant\u00eda Limitada no superar\u00e1 los 10.000 $ o el 50% del valor actual de cambio de N.A.D.A. del Veh\u00edculo, lo que sea inferior.<\/p>\n<h3>No cubierto<\/h3>\n<ol>\n<li>Da\u00f1os o p\u00e9rdidas incidentales o consecuentes, incluidos da\u00f1os a la propiedad, lesiones personales, inconvenientes o p\u00e9rdida del uso del veh\u00edculo<\/li>\n<li>Da\u00f1os a una pieza cubierta por una pieza no cubierta y viceversa<\/li>\n<li>Veh\u00edculos utilizados con fines comerciales, incluidos viajes compartidos, entregas, prospecci\u00f3n, encuestas, etc.<\/li>\n<li>Veh\u00edculos con garant\u00eda del fabricante revocada, anulada o inexistente<\/li>\n<li>Alteraciones que hacen que el veh\u00edculo no cumpla con las especificaciones del fabricante<\/li>\n<li>Sustituci\u00f3n o reparaci\u00f3n de cualquier pieza cubierta dentro de las tolerancias permitidas por el fabricante<\/li>\n<li>Reparaciones m\u00e1s all\u00e1 de las necesarias para corregir el problema cubierto<\/li>\n<li>Reparaciones de componentes modificados o veh\u00edculos con kilometraje\/cuentakil\u00f3metros alterado<\/li>\n<li>Aver\u00edas debidas a la falta de mantenimiento adecuado, fluidos incorrectos, colisi\u00f3n, abuso, sobrecalentamiento, carga inadecuada, condiciones de la carretera, incendios, inundaciones u otras p\u00e9rdidas cubiertas por el seguro<\/li>\n<li>Elementos de mantenimiento como alineaciones, limpieza del sistema de combustible, equilibrado de ruedas, cambios de aceite, buj\u00edas, filtros, correas, mangueras, tuercas, pernos y sujetadores<\/li>\n<li>Aver\u00edas cubiertas por el seguro, la garant\u00eda del fabricante, la retirada o la garant\u00eda del reparador<\/li>\n<li>Reparaciones realizadas por instalaciones sin licencia o fuera de los EE. UU. contiguos<\/li>\n<li>El remolque, el almacenamiento, los veh\u00edculos de pr\u00e9stamo o los alquileres no est\u00e1n cubiertos<\/li>\n<\/ol>\n<h3>Reparaciones mec\u00e1nicas<\/h3>\n<p>Se requiere una autorizaci\u00f3n previa antes del inicio de todo servicio de garant\u00eda. En caso de reclamaci\u00f3n de garant\u00eda, llame al Centro de Servicio de Motory Group al 352-260-4695, de lunes a viernes, de 8:00 a 16:00. Se requiere cita previa para todos los servicios.  <\/p>\n<p>En caso de aver\u00eda del veh\u00edculo, haga que lo remolquen al Centro de Servicio de Motory Group en 3020 N Main Street, Gainesville, FL 32609, o consulte la ubicaci\u00f3n actual del centro de servicio. El remolque puede estar disponible a bajo coste, pero no est\u00e1 cubierto por la garant\u00eda. <\/p>\n<h3>Transferencia de garant\u00eda<\/h3>\n<p>Esta Garant\u00eda Limitada no es transferible. No se puede transferir aunque se venda el veh\u00edculo. <\/p>\n<h3>Otra informaci\u00f3n importante<\/h3>\n<p>Cualquier modificaci\u00f3n, alteraci\u00f3n o cambio de los t\u00e9rminos y condiciones preimpresos de la Garant\u00eda Limitada es inv\u00e1lido. Esta Garant\u00eda Limitada no es una p\u00f3liza de seguro, y todas las obligaciones y responsabilidades son las del Garante. Esta Garant\u00eda Limitada le otorga derechos legales espec\u00edficos, y tambi\u00e9n puede tener otros derechos que var\u00edan seg\u00fan el estado. En la medida en que lo permita la ley, cualquier garant\u00eda impl\u00edcita de comerciabilidad o idoneidad para un prop\u00f3sito particular se limita al plazo de esta Garant\u00eda Limitada.   <\/p>\n<p>[\/et_pb_text][\/et_pb_column][\/et_pb_row][\/et_pb_section]<\/p>\n","protected":false},"excerpt":{"rendered":"<p>Garant\u00eda limitada de 12 meses \/ 19.300 kil\u00f3metros Piezas cubiertas Si se produce un mal funcionamiento, defecto o fallo en un componente cubierto que se enumera a continuaci\u00f3n, repararemos o reemplazaremos el componente cubierto, sujeto a los t\u00e9rminos y condiciones expresados en este documento. La sustituci\u00f3n de cualquier pieza puede realizarse con piezas del mismo [&hellip;]<\/p>\n","protected":false},"author":4,"featured_media":0,"parent":0,"menu_order":0,"comment_status":"closed","ping_status":"closed","template":"","meta":{"_et_pb_use_builder":"on","_et_pb_old_content":"","_et_gb_content_width":"","_analytify_skip_tracking":false,"footnotes":""},"class_list":["post-72189","page","type-page","status-publish","hentry"],"_links":{"self":[{"href":"https:\/\/motorygroup.com\/es\/wp-json\/wp\/v2\/pages\/72189","targetHints":{"allow":["GET"]}}],"collection":[{"href":"https:\/\/motorygroup.com\/es\/wp-json\/wp\/v2\/pages"}],"about":[{"href":"https:\/\/motorygroup.com\/es\/wp-json\/wp\/v2\/types\/page"}],"author":[{"embeddable":true,"href":"https:\/\/motorygroup.com\/es\/wp-json\/wp\/v2\/users\/4"}],"replies":[{"embeddable":true,"href":"https:\/\/motorygroup.com\/es\/wp-json\/wp\/v2\/comments?post=72189"}],"version-history":[{"count":1,"href":"https:\/\/motorygroup.com\/es\/wp-json\/wp\/v2\/pages\/72189\/revisions"}],"predecessor-version":[{"id":72192,"href":"https:\/\/motorygroup.com\/es\/wp-json\/wp\/v2\/pages\/72189\/revisions\/72192"}],"wp:attachment":[{"href":"https:\/\/motorygroup.com\/es\/wp-json\/wp\/v2\/media?parent=72189"}],"curies":[{"name":"wp","href":"https:\/\/api.w.org\/{rel}","templated":true}]}}