{"id":72165,"date":"2025-08-05T18:40:19","date_gmt":"2025-08-05T18:40:19","guid":{"rendered":"https:\/\/motorygroup.com\/politica-de-privacidad\/"},"modified":"2026-01-15T20:48:13","modified_gmt":"2026-01-15T20:48:13","slug":"politica-de-privacidad","status":"publish","type":"page","link":"https:\/\/motorygroup.com\/es\/politica-de-privacidad\/","title":{"rendered":"Pol\u00edtica de privacidad"},"content":{"rendered":"<p>[et_pb_section fb_built=&#8221;1&#8243; admin_label=&#8221;section&#8221; _builder_version=&#8221;4.16&#8243; custom_padding=&#8221;48px|||||&#8221; global_colors_info=&#8221;{}&#8221;][et_pb_row admin_label=&#8221;fila&#8221; _builder_version=&#8221;4.16&#8243; background_size=&#8221;initial&#8221; background_position=&#8221;top_left&#8221; background_repeat=&#8221;repeat&#8221; custom_padding=&#8221;5px|||||&#8221; global_colors_info=&#8221;{}&#8221;][et_pb_column type=&#8221;4_4&#8243; _builder_version=&#8221;4.16&#8243; custom_padding=&#8221;|||&#8221; pac_dcm_carousel_specific_module_num=&#8221;0&#8243; global_colors_info=&#8221;{}&#8221; custom_padding__hover=&#8221;|||&#8221;][et_pb_text admin_label=&#8221;Text&#8221; _builder_version=&#8221;4.27.4&#8243; background_size=&#8221;initial&#8221; background_position=&#8221;top_left&#8221; background_repeat=&#8221;repeat&#8221; hover_enabled=&#8221;0&#8243; global_colors_info=&#8221;{}&#8221; header_2_font_size=&#8221;18px&#8221; sticky_enabled=&#8221;0&#8243;]<\/p>\n<h1>Pol\u00edtica de privacidad de Motory group<\/h1>\n<p>Esta pol\u00edtica de privacidad describe la pol\u00edtica de ventas de Motory Group con respecto a la informaci\u00f3n est\u00e1ndar recopilada durante el uso normal del sitio web, as\u00ed como la informaci\u00f3n que proporcionas cuando visitas nuestro sitio web en https:\/\/motorygroup.com\/.<\/p>\n<h2>Qu\u00e9 informaci\u00f3n recopilamos<\/h2>\n<p>Este aviso de privacidad se aplica a la informaci\u00f3n recopilada a trav\u00e9s de este sitio web o que nos proporcionas a trav\u00e9s de correo electr\u00f3nico u otro contacto directo.<\/p>\n<p>Si se te redirige desde este sitio web a otro sitio web para utilizar otro producto o servicio, como obtener una calificaci\u00f3n crediticia o una preaprobaci\u00f3n de pr\u00e9stamo, se aplicar\u00e1 la pol\u00edtica de privacidad de ese sitio web.<\/p>\n<p>La cantidad y el tipo de informaci\u00f3n recopilada por las ventas de Motory Group dependen de c\u00f3mo utilices nuestro sitio.<\/p>\n<p>Durante el uso normal del sitio web, no recopilamos ni almacenamos informaci\u00f3n de identificaci\u00f3n personal como nombre, direcci\u00f3n postal, direcci\u00f3n de correo electr\u00f3nico, n\u00famero de tel\u00e9fono o n\u00famero de la seguridad social. Puedes visitar el sitio web de ventas de Motory Group para leer informaci\u00f3n sobre productos, la empresa y otra informaci\u00f3n. La \u00fanica informaci\u00f3n que recopilamos y almacenamos durante el uso normal del sitio web es el nombre de tu proveedor de servicios de Internet, el sitio web que visitaste por \u00faltima vez, las p\u00e1ginas que solicitas y la fecha y hora de esas solicitudes. Recopilamos esta informaci\u00f3n a trav\u00e9s de \u201ccookies\u201d y otra tecnolog\u00eda para generar estad\u00edsticas y medir la actividad del sitio con el fin de mejorar la utilidad de las visitas de los clientes. Esta informaci\u00f3n se comparte solo dentro de las ventas de Motory Group.    <\/p>\n<p>En ocasiones, especialmente cuando utilizas uno de nuestros servicios en l\u00ednea a trav\u00e9s de este sitio web (es decir, compra de coches nuevos, compra de coches usados, solicitud de cr\u00e9dito en l\u00ednea de ventas de Motory Group, etc.), las ventas de Motory Group pueden pedirte que proporciones cierta informaci\u00f3n sobre ti rellenando y enviando un formulario en l\u00ednea. Es completamente opcional para ti rellenar cualquiera de estos formularios. <\/p>\n<p>Sin embargo, si eliges utilizar uno de estos servicios en l\u00ednea, las ventas de Motory Group pueden requerir que proporciones informaci\u00f3n, que puede incluir:<\/p>\n<p>tu nombre,<br \/>\ndirecci\u00f3n postal,<br \/>\ndirecci\u00f3n de correo electr\u00f3nico,<br \/>\nn\u00famero de la seguridad social<br \/>\notra informaci\u00f3n de identificaci\u00f3n personal<br \/>\nCuando env\u00edas informaci\u00f3n personal a las ventas de Motory Group para los fines anteriores, comprendes y aceptas que las ventas de Motory Group pueden almacenar, acceder y utilizar tu informaci\u00f3n personal.<\/p>\n<h2>C\u00f3mo utilizamos tu informaci\u00f3n<\/h2>\n<p>Utilizamos la informaci\u00f3n que nos proporcionas para proporcionarte informaci\u00f3n y servicios que has solicitado, incluyendo ayudarte a buscar en nuestro inventario de veh\u00edculos y otra informaci\u00f3n, programar citas y pruebas de conducci\u00f3n, obtener informaci\u00f3n sobre pr\u00e9stamos y otros servicios. Tambi\u00e9n utilizaremos tu informaci\u00f3n para comunicarnos contigo sobre los servicios que has solicitado y para informarte sobre servicios relacionados por nuestra parte y para informarte de ofertas especiales y otros productos y servicios de las ventas de Motory Group. <\/p>\n<h2>Intercambio de informaci\u00f3n con terceros<\/h2>\n<p>Nos asociamos con otras partes para proporcionar servicios espec\u00edficos, como el desarrollo, la gesti\u00f3n y el alojamiento de este sitio web, as\u00ed como calculadoras de pr\u00e9stamos y otras herramientas del sitio web, por ejemplo. Cuando utilizas el sitio web y solicitas utilizar ciertas herramientas o servicios, tu informaci\u00f3n personal y el uso del sitio web se compartir\u00e1n seg\u00fan sea necesario con el proveedor de servicios externo para proporcionar los servicios que has solicitado. Excepto que se te revele lo contrario, estas partes no pueden utilizar informaci\u00f3n de identificaci\u00f3n personal, excepto con el fin de proporcionar los servicios que has solicitado.  <\/p>\n<p>Con tu permiso en cada caso, seg\u00fan sea necesario para proporcionar los servicios que has solicitado, compartiremos tu informaci\u00f3n personal con instituciones crediticias de terceros o agencias de informes crediticios de buena reputaci\u00f3n, pero solo seg\u00fan lo permita la ley federal y estatal.<\/p>\n<p>Aunque no lo hemos hecho en este momento, en el futuro, podemos contratar a otras empresas de buena reputaci\u00f3n para ofrecerte productos y servicios adicionales atractivos. Si eso ocurre, te proporcionaremos un proceso claro y sencillo para optar por no recibir tales ofertas y cualquier intercambio de informaci\u00f3n. <\/p>\n<p>No venderemos ni alquilaremos tu informaci\u00f3n a nadie sin tu consentimiento previo, o como se describe en este documento en el caso de una fusi\u00f3n o adquisici\u00f3n.<\/p>\n<p>Este sitio est\u00e1 siendo supervisado por uno o m\u00e1s software(s) de supervisi\u00f3n de terceros, y puede capturar informaci\u00f3n sobre tu visita que nos ayudar\u00e1 a mejorar la calidad de nuestro servicio. Puedes optar por no participar en los datos que https:\/\/smartpixl.com est\u00e1 recopilando en tu visita a trav\u00e9s de una p\u00e1gina de opciones universales para el consumidor ubicada en https:\/\/smartpixl.com\/Unsub\/unsub.html <\/p>\n<h2>Cookies<\/h2>\n<p>Utilizamos \u201ccookies\u201d en este sitio. Una cookie es un fragmento de datos almacenado en el disco duro de un visitante del sitio para ayudarnos a mejorar tu acceso a nuestro sitio e identificar a los visitantes recurrentes de nuestro sitio. Por ejemplo, cuando utilizamos una cookie para identificarte, no tendr\u00edas que iniciar sesi\u00f3n con una contrase\u00f1a m\u00e1s de una vez, lo que te ahorrar\u00eda tiempo mientras est\u00e1s en nuestro sitio. Las cookies tambi\u00e9n pueden permitirnos rastrear y dirigir los intereses de nuestros usuarios para mejorar la experiencia en nuestro sitio. El uso de una cookie no est\u00e1 vinculado a ninguna informaci\u00f3n de identificaci\u00f3n personal en nuestro sitio.    <\/p>\n<h2>Cambios en la Pol\u00edtica de Privacidad<\/h2>\n<p>Nos reservamos el derecho de cambiar nuestra Pol\u00edtica de Privacidad. Una Pol\u00edtica de Privacidad revisada solo se aplicar\u00e1 a los datos recopilados despu\u00e9s de su fecha de entrada en vigor. Cualquier revisi\u00f3n se publicar\u00e1 al menos 30 d\u00edas antes de su fecha de entrada en vigor. El uso del sitio web en la fecha de entrada en vigor constituir\u00e1 un acuerdo y aceptaci\u00f3n de dichos cambios.   <\/p>\n<h2>Tu acceso y control sobre la informaci\u00f3n<\/h2>\n<p>Puedes optar por no recibir m\u00e1s contactos de nosotros en cualquier momento a trav\u00e9s de la direcci\u00f3n de correo electr\u00f3nico que se indica a continuaci\u00f3n. Tambi\u00e9n puedes utilizar las solicitudes por correo electr\u00f3nico para: <\/p>\n<p>ver qu\u00e9 datos tenemos sobre ti, si los hay,<br \/>\ncambiar\/corregir cualquier dato que tengamos sobre ti,<br \/>\nhacer que eliminemos cualquier dato que tengamos sobre ti, o<br \/>\nexpresar cualquier preocupaci\u00f3n que tengas sobre nuestro uso de tus datos<\/p>\n<h2>Seguridad<\/h2>\n<p>Tomamos precauciones razonables para proteger tu informaci\u00f3n. Cuando env\u00edas informaci\u00f3n confidencial a trav\u00e9s del sitio web, tu informaci\u00f3n est\u00e1 protegida tanto en l\u00ednea como fuera de l\u00ednea. Si bien utilizamos el cifrado y otras mejores pr\u00e1cticas para proteger la informaci\u00f3n confidencial. Solo los empleados que necesitan la informaci\u00f3n para realizar un trabajo espec\u00edfico tienen acceso a la informaci\u00f3n de identificaci\u00f3n personal.   <\/p>\n<h2>Ponte en contacto con nosotros si tienes preguntas o inquietudes<\/h2>\n<p>Si crees que no estamos cumpliendo con esta pol\u00edtica de privacidad, debes ponerte en contacto con nosotros inmediatamente llamando al <a href=\"tel:352-505-5858\">352-505-5858<\/a>.[\/et_pb_text][\/et_pb_column][\/et_pb_row][\/et_pb_section]<\/p>\n","protected":false},"excerpt":{"rendered":"<p>Pol\u00edtica de privacidad de Motory group Esta pol\u00edtica de privacidad describe la pol\u00edtica de ventas de Motory Group con respecto a la informaci\u00f3n est\u00e1ndar recopilada durante el uso normal del sitio web, as\u00ed como la informaci\u00f3n que proporcionas cuando visitas nuestro sitio web en https:\/\/motorygroup.com\/. Qu\u00e9 informaci\u00f3n recopilamos Este aviso de privacidad se aplica a [&hellip;]<\/p>\n","protected":false},"author":1,"featured_media":0,"parent":0,"menu_order":0,"comment_status":"closed","ping_status":"closed","template":"","meta":{"_et_pb_use_builder":"on","_et_pb_old_content":"","_et_gb_content_width":"","_analytify_skip_tracking":false,"footnotes":""},"class_list":["post-72165","page","type-page","status-publish","hentry"],"_links":{"self":[{"href":"https:\/\/motorygroup.com\/es\/wp-json\/wp\/v2\/pages\/72165","targetHints":{"allow":["GET"]}}],"collection":[{"href":"https:\/\/motorygroup.com\/es\/wp-json\/wp\/v2\/pages"}],"about":[{"href":"https:\/\/motorygroup.com\/es\/wp-json\/wp\/v2\/types\/page"}],"author":[{"embeddable":true,"href":"https:\/\/motorygroup.com\/es\/wp-json\/wp\/v2\/users\/1"}],"replies":[{"embeddable":true,"href":"https:\/\/motorygroup.com\/es\/wp-json\/wp\/v2\/comments?post=72165"}],"version-history":[{"count":6,"href":"https:\/\/motorygroup.com\/es\/wp-json\/wp\/v2\/pages\/72165\/revisions"}],"predecessor-version":[{"id":76713,"href":"https:\/\/motorygroup.com\/es\/wp-json\/wp\/v2\/pages\/72165\/revisions\/76713"}],"wp:attachment":[{"href":"https:\/\/motorygroup.com\/es\/wp-json\/wp\/v2\/media?parent=72165"}],"curies":[{"name":"wp","href":"https:\/\/api.w.org\/{rel}","templated":true}]}}